{"id":454,"date":"2024-07-23T12:13:15","date_gmt":"2024-07-23T15:13:15","guid":{"rendered":"https:\/\/hornerolab.fcien.edu.uy\/?page_id=454"},"modified":"2024-08-16T12:05:43","modified_gmt":"2024-08-16T15:05:43","slug":"contacto","status":"publish","type":"page","link":"https:\/\/hornerolab.fcien.edu.uy\/en\/contacto\/","title":{"rendered":"Contact"},"content":{"rendered":"<section class=\"wpb-content-wrapper\"><div      class=\"vc_row wpb_row section vc_row-fluid  vc_custom_1721748684908 grid_section\" style=' text-align:center;'><div class=\"section_inner clearfix\"><div class='section_inner_margin clearfix'><div class=\"wpb_column vc_column_container vc_col-sm-3\"><div class=\"vc_column-inner\"><div class=\"wpb_wrapper\"><\/div><\/div><\/div><div class=\"wpb_column vc_column_container vc_col-sm-6\"><div class=\"vc_column-inner\"><div class=\"wpb_wrapper\">\n\t<div class=\"wpb_text_column wpb_content_element\">\n\t\t<div class=\"wpb_wrapper\">\n\t\t\t<h2>Contact us<\/h2>\n\n\t\t<\/div> \n\t<\/div> \t<div class=\"vc_empty_space\"  style=\"height: 32px\" ><span\n\t\t\tclass=\"vc_empty_space_inner\">\n\t\t\t<span class=\"empty_space_image\"  ><\/span>\n\t\t<\/span><\/div>\n\n\n\t<div class=\"wpb_text_column wpb_content_element\">\n\t\t<div class=\"wpb_wrapper\">\n\t\t\t<p>Si quer\u00e9s involucrarte en alguno de los proyectos o quer\u00e9s contactarnos, hacelo ac\u00e1: <a href=\"mailto:nidohorneros@gmail.com\">nidohorneros@gmail.com<\/a><\/p>\n\n\t\t<\/div> \n\t<\/div> \t<div class=\"vc_empty_space\"  style=\"height: 32px\" ><span\n\t\t\tclass=\"vc_empty_space_inner\">\n\t\t\t<span class=\"empty_space_image\"  ><\/span>\n\t\t<\/span><\/div>\n\n\n\t<div class=\"wpb_text_column wpb_content_element\">\n\t\t<div class=\"wpb_wrapper\">\n\t\t\t<h2>Follow our updates on social media<\/h2>\n\n\t\t<\/div> \n\t<\/div> \t<div class=\"vc_empty_space\"  style=\"height: 20px\" ><span\n\t\t\tclass=\"vc_empty_space_inner\">\n\t\t\t<span class=\"empty_space_image\"  ><\/span>\n\t\t<\/span><\/div>\n\n<span class='q_social_icon_holder circle_social' data-color=\"#4a89c8\" data-hover-background-color=\"#4a89c8\" data-hover-border-color=\"#4a89c8\" data-hover-color=\"#ffffff\"><a itemprop='url' href='https:\/\/www.facebook.com\/nidohorneros' target='_blank'><span class='fa-stack fa-2x' style='background-color: #ffffff;border-color: #4a89c8;border-width: 1px;'><i class=\"qode_icon_font_awesome fa fa-facebook\" style=\"color: #4a89c8;\" ><\/i><\/span><\/a><\/span><span class='q_social_icon_holder circle_social' data-color=\"#4a89c8\" data-hover-background-color=\"#4a89c8\" data-hover-border-color=\"#4a89c8\" data-hover-color=\"#ffffff\"><a itemprop='url' href='https:\/\/www.instagram.com\/nidohorneros\/' target='_blank'><span class='fa-stack fa-2x' style='background-color: #ffffff;border-color: #4a89c8;border-width: 1px;'><i class=\"qode_icon_font_awesome fa fa-instagram\" style=\"color: #4a89c8;\" ><\/i><\/span><\/a><\/span><span class='q_social_icon_holder circle_social' data-color=\"#4a89c8\" data-hover-background-color=\"#4a89c8\" data-hover-border-color=\"#4a89c8\" data-hover-color=\"#ffffff\"><a itemprop='url' href='https:\/\/x.com\/nidohorneros' target='_blank'><span class='fa-stack fa-2x' style='background-color: #ffffff;border-color: #4a89c8;border-width: 1px;'><i class=\"qode_icon_font_awesome fa fa-twitter\" style=\"color: #4a89c8;\" ><\/i><\/span><\/a><\/span>\n\t<div class=\"wpb_single_image wpb_content_element vc_align_center  element_from_bottom\">\n\t\t<div class=\"wpb_wrapper\">\n\t\t\t\n\t\t\t<div class=\"vc_single_image-wrapper   vc_box_border_grey\"><img loading=\"lazy\" decoding=\"async\" width=\"300\" height=\"275\" src=\"https:\/\/hornerolab.fcien.edu.uy\/wp-content\/uploads\/2024\/06\/sudamerica-300x275.png\" class=\"vc_single_image-img attachment-medium\" alt=\"\" title=\"sudamerica\" srcset=\"https:\/\/hornerolab.fcien.edu.uy\/wp-content\/uploads\/2024\/06\/sudamerica-300x275.png 300w, https:\/\/hornerolab.fcien.edu.uy\/wp-content\/uploads\/2024\/06\/sudamerica.png 400w\" sizes=\"auto, (max-width: 300px) 100vw, 300px\" \/><\/div>\n\t\t<\/div>\n\t<\/div>\n<\/div><\/div><\/div><div class=\"wpb_column vc_column_container vc_col-sm-3\"><div class=\"vc_column-inner\"><div class=\"wpb_wrapper\"><\/div><\/div><\/div><\/div><\/div><\/div>\n<\/section>","protected":false},"excerpt":{"rendered":"DEJANOS TU MENSAJE Si quer\u00e9s involucrarte en alguno de los proyectos o quer\u00e9s contactarnos, hacelo ac\u00e1: nidohorneros@gmail.com SEGUINOS EN LAS REDES","protected":false},"author":1,"featured_media":0,"parent":0,"menu_order":0,"comment_status":"closed","ping_status":"closed","template":"","meta":{"footnotes":""},"class_list":["post-454","page","type-page","status-publish","hentry"],"aioseo_notices":[],"jetpack_sharing_enabled":true,"_links":{"self":[{"href":"https:\/\/hornerolab.fcien.edu.uy\/en\/wp-json\/wp\/v2\/pages\/454","targetHints":{"allow":["GET"]}}],"collection":[{"href":"https:\/\/hornerolab.fcien.edu.uy\/en\/wp-json\/wp\/v2\/pages"}],"about":[{"href":"https:\/\/hornerolab.fcien.edu.uy\/en\/wp-json\/wp\/v2\/types\/page"}],"author":[{"embeddable":true,"href":"https:\/\/hornerolab.fcien.edu.uy\/en\/wp-json\/wp\/v2\/users\/1"}],"replies":[{"embeddable":true,"href":"https:\/\/hornerolab.fcien.edu.uy\/en\/wp-json\/wp\/v2\/comments?post=454"}],"version-history":[{"count":12,"href":"https:\/\/hornerolab.fcien.edu.uy\/en\/wp-json\/wp\/v2\/pages\/454\/revisions"}],"predecessor-version":[{"id":583,"href":"https:\/\/hornerolab.fcien.edu.uy\/en\/wp-json\/wp\/v2\/pages\/454\/revisions\/583"}],"wp:attachment":[{"href":"https:\/\/hornerolab.fcien.edu.uy\/en\/wp-json\/wp\/v2\/media?parent=454"}],"curies":[{"name":"wp","href":"https:\/\/api.w.org\/{rel}","templated":true}]}}