{"id":3,"date":"2024-06-18T15:35:23","date_gmt":"2024-06-18T15:35:23","guid":{"rendered":"https:\/\/hornerolab.fcien.edu.uy\/?page_id=3"},"modified":"2025-02-27T09:26:44","modified_gmt":"2025-02-27T12:26:44","slug":"privacy-policy","status":"publish","type":"page","link":"https:\/\/hornerolab.fcien.edu.uy\/en\/privacy-policy\/","title":{"rendered":"Privacy policy"},"content":{"rendered":"<h2 class=\"wp-block-heading\"><strong>Pol\u00edtica de privacidad<\/strong><\/h2>\r\n<p>&nbsp;<\/p>\r\n<p>La presente es la pol\u00edtica de privacidad de la App \u201cHORNERO\u201d (iOS y Android) y describe como la app maneja la informaci\u00f3n personal de los usuarios, recolectada tanto en el proceso de registro de usuarios como en el env\u00edo de reportes y fotograf\u00edas.<\/p>\r\n<p>\u201cHORNERO\u201d colecta informaci\u00f3n no personal relacionada al dispositivo m\u00f3vil utilizado, tales como el lenguaje utilizado y la fecha de descarga de la app. De ninguna manera se dispondr\u00e1 esta informaci\u00f3n de manera p\u00fablica.<\/p>\r\n<p>&nbsp;<\/p>\r\n<h3><strong>Registro de usuarios<\/strong><\/h3>\r\n<p>Entre la informaci\u00f3n personal recolectada durante el proceso de registro, \u201cHORNERO\u201d requiere las siguientes campos obligatorios: nombre de usuario, contrase\u00f1a, direcci\u00f3n de email. La informaci\u00f3n recolectada ser\u00e1 utilizada s\u00f3lo por personal del proyecto \u201cHORNERO\u201d para el correcto funcionamiento de la app. En caso de realizar mapas de los datos recolectados, no se vincular\u00e1 ning\u00fan dato a infomaci\u00f3n personal.<br \/>De ninguna manera ser\u00e1 la informaci\u00f3n generada por la app \u201cHORNERO\u201d compilada para ser, vendida, prestada o alquilada para otros usos a otras empresas sin autorizaci\u00f3n expl\u00edcita del usuario. El equipo del proyecto \u201cHORNERO\u201d podr\u00e1, sin embargo, utilizar estos datos personales para contactar eventualmente al usuario ante una necesidad justificada.<\/p>\r\n<h3><strong><br \/>Env\u00edo de reportes y fotograf\u00edas<\/strong><\/h3>\r\n<p>Durante el env\u00edo de reportes de nidos de hornero y sus fotograf\u00edas, no se le requerir\u00e1 al usuario enviar otra informaci\u00f3n personal m\u00e1s que la establecida durante su registro.<br \/>Con el fin de proteger la privacidad de los voluntarios, se evita la exposici\u00f3n de informaci\u00f3n que pueda identificar de manera individual a una persona f\u00edsica determinada. As\u00ed, no se muestran nombres, direcciones, contrase\u00f1as o cualquier otra informaci\u00f3n personal de los voluntarios en el sitio web de \u201cHORNERO\u201d.<br \/>En caso de utilizarse fotograf\u00edas generadas por la app \u201cHORNERO\u201d dentro de la p\u00e1gina web del proyecto, se podr\u00e1 visibilizar el nombre de usuario de aquel que envi\u00f3 el registro, y se visibilizar\u00e1 las fotograf\u00edas del nido enviado. Si alguna de estas fotograf\u00edas contiene rostros de personas o rasgos distinguibles no relacionados al ave estudiada, la fotograf\u00eda no ser\u00e1 visibilizada de ninguna manera p\u00fablica. Las fotograf\u00edas no ser\u00e1n prestadas, vendidas o alquiladas a ning\u00fan tercero, sin previa autorizaci\u00f3n expl\u00edcita del usuario.<\/p>\r\n<p>&nbsp;<\/p>\r\n<p>&nbsp;<\/p>\r\n<h3><strong>Localizaci\u00f3n<\/strong><\/h3>\r\n<p>La app \u201cHORNERO\u201d requiere de la localizaci\u00f3n del usuario (coordenadas) al momento de la captura de im\u00e1genes. Estas coordenadas ser\u00e1n utilizadas s\u00f3lo con fines cient\u00edficos o para visualizaci\u00f3n de datos en mapas. De ninguna manera ser\u00e1n estas coordenadas puestas a disposici\u00f3n para ning\u00fan tercero que pueda utilizarlo para el seguimiento geogr\u00e1fico de los usuarios.<br \/><br \/><\/p>\r\n<h3><strong>C\u00f3mo se utilizar\u00e1n los datos<\/strong><\/h3>\r\n<p>Los reportes enviados a trav\u00e9s de la app \u201cHORNERO\u201d ser\u00e1n dispuestos de manera p\u00fablica, abierta y gratuita, luego de la publicaci\u00f3n de los resultados. Esta informaci\u00f3n no incluir\u00e1 datos personales de los usuarios, salvo su \u201cnombre de usuario\u201d y la fecha de env\u00edo de los datos.<\/p>\r\n<h3><strong><br \/>Otros<\/strong><\/h3>\r\n<p>La app \u201cHORNERO\u201d no utiliza cookies.<\/p>\r\n<p>&nbsp;<\/p>\r\n<p>Si deseas cerrar tu cuenta de \u201cHORNERO\u201d y eliminar completamente la informaci\u00f3n tuya y de tus datos que tenemos guardada, escribe un email a nidohorneros@gmail.com con tu nombre y usuario.<\/p>\r\n<p><br \/>En caso de cualquier otra consulta, realizarla directamente \u00a0<u>nidohorneros@gmail.com<\/u><\/p>\r\n<p>&nbsp;<\/p>\r\n<p>&nbsp;<\/p>\r\n<p>&nbsp;<\/p>","protected":false},"excerpt":{"rendered":"<p>Pol\u00edtica de privacidad &nbsp; La presente es la pol\u00edtica de privacidad de la App \u201cHORNERO\u201d (iOS y Android) y describe como la app maneja la informaci\u00f3n personal de los usuarios, recolectada tanto en el proceso de registro de usuarios como en el env\u00edo de reportes&#8230;<\/p>","protected":false},"author":1,"featured_media":0,"parent":0,"menu_order":0,"comment_status":"closed","ping_status":"open","template":"","meta":{"footnotes":""},"class_list":["post-3","page","type-page","status-publish","hentry"],"aioseo_notices":[],"jetpack_sharing_enabled":true,"_links":{"self":[{"href":"https:\/\/hornerolab.fcien.edu.uy\/en\/wp-json\/wp\/v2\/pages\/3","targetHints":{"allow":["GET"]}}],"collection":[{"href":"https:\/\/hornerolab.fcien.edu.uy\/en\/wp-json\/wp\/v2\/pages"}],"about":[{"href":"https:\/\/hornerolab.fcien.edu.uy\/en\/wp-json\/wp\/v2\/types\/page"}],"author":[{"embeddable":true,"href":"https:\/\/hornerolab.fcien.edu.uy\/en\/wp-json\/wp\/v2\/users\/1"}],"replies":[{"embeddable":true,"href":"https:\/\/hornerolab.fcien.edu.uy\/en\/wp-json\/wp\/v2\/comments?post=3"}],"version-history":[{"count":6,"href":"https:\/\/hornerolab.fcien.edu.uy\/en\/wp-json\/wp\/v2\/pages\/3\/revisions"}],"predecessor-version":[{"id":633,"href":"https:\/\/hornerolab.fcien.edu.uy\/en\/wp-json\/wp\/v2\/pages\/3\/revisions\/633"}],"wp:attachment":[{"href":"https:\/\/hornerolab.fcien.edu.uy\/en\/wp-json\/wp\/v2\/media?parent=3"}],"curies":[{"name":"wp","href":"https:\/\/api.w.org\/{rel}","templated":true}]}}