{"id":274,"date":"2024-06-19T19:29:26","date_gmt":"2024-06-19T22:29:26","guid":{"rendered":"https:\/\/hornerolab.fcien.edu.uy\/?page_id=274"},"modified":"2026-04-25T06:24:23","modified_gmt":"2026-04-25T09:24:23","slug":"app-hornero","status":"publish","type":"page","link":"https:\/\/hornerolab.fcien.edu.uy\/en\/app-hornero\/","title":{"rendered":"App Hornero"},"content":{"rendered":"<section class=\"wpb-content-wrapper\"><div      class=\"vc_row wpb_row section vc_row-fluid  vc_custom_1719087739298 grid_section\" style=' text-align:center;'><div class=\"section_inner clearfix\"><div class='section_inner_margin clearfix'><div class=\"wpb_column vc_column_container vc_col-sm-12\"><div class=\"vc_column-inner\"><div class=\"wpb_wrapper\"><div class=\"separator  small center\" style=\"background-color: #4a89c8;width: 100px;\"><\/div>\n\n\t<div class=\"wpb_text_column wpb_content_element\">\n\t\t<div class=\"wpb_wrapper\">\n\t\t\t<h2>Hornero App<\/h2>\n<h5>Instrucciones detalladas del uso de la app<\/h5>\n\n\t\t<\/div> \n\t<\/div> \t<div class=\"vc_empty_space\"  style=\"height: 32px\" ><span\n\t\t\tclass=\"vc_empty_space_inner\">\n\t\t\t<span class=\"empty_space_image\"  ><\/span>\n\t\t<\/span><\/div>\n\n\n\t<div class=\"wpb_text_column wpb_content_element\">\n\t\t<div class=\"wpb_wrapper\">\n\t\t\t<p>El objetivo de la aplicaci\u00f3n es poder realizar un seguimiento del proceso de construcci\u00f3n de los nidos de los horneros. Para esto la dise\u00f1amos de tal forma que puedas realizar un seguimiento del proceso de construcci\u00f3n para los nidos que vayas encontrando.<\/p>\n\n\t\t<\/div> \n\t<\/div> \t<div class=\"vc_empty_space\"  style=\"height: 32px\" ><span\n\t\t\tclass=\"vc_empty_space_inner\">\n\t\t\t<span class=\"empty_space_image\"  ><\/span>\n\t\t<\/span><\/div>\n\n<\/div><\/div><\/div><\/div><\/div><\/div><div      class=\"vc_row wpb_row section vc_row-fluid  vc_custom_1719088255831 grid_section\" style=' text-align:center;'><div class=\"section_inner clearfix\"><div class='section_inner_margin clearfix'><div class=\"wpb_column vc_column_container vc_col-sm-2\"><div class=\"vc_column-inner\"><div class=\"wpb_wrapper\"><\/div><\/div><\/div><div class=\"wpb_column vc_column_container vc_col-sm-8\"><div class=\"vc_column-inner\"><div class=\"wpb_wrapper\">\n\t<div class=\"wpb_text_column wpb_content_element\">\n\t\t<div class=\"wpb_wrapper\">\n\t\t\t<h3>DESCARG\u00c1 LA APP<\/h3>\n\n\t\t<\/div> \n\t<\/div> \t<div class=\"vc_empty_space\"  style=\"height: 32px\" ><span\n\t\t\tclass=\"vc_empty_space_inner\">\n\t\t\t<span class=\"empty_space_image\"  ><\/span>\n\t\t<\/span><\/div>\n\n<div      class=\"vc_row wpb_row section vc_row-fluid vc_inner\" style=' text-align:left;'><div class=\"full_section_inner clearfix\"><div class=\"wpb_column vc_column_container vc_col-sm-6\"><div class=\"vc_column-inner\"><div class=\"wpb_wrapper\">\n\t<div class=\"wpb_single_image wpb_content_element vc_align_center\">\n\t\t<div class=\"wpb_wrapper\">\n\t\t\t\n\t\t\t<a href=\"https:\/\/play.google.com\/store\/apps\/details?id=com.nidohorneros\" target=\"_blank\"><div class=\"vc_single_image-wrapper   vc_box_border_grey\"><img loading=\"lazy\" decoding=\"async\" width=\"300\" height=\"100\" src=\"https:\/\/hornerolab.fcien.edu.uy\/wp-content\/uploads\/2024\/06\/botonAndroid02-300x100.png\" class=\"vc_single_image-img attachment-medium\" alt=\"\" title=\"botonAndroid02\" srcset=\"https:\/\/hornerolab.fcien.edu.uy\/wp-content\/uploads\/2024\/06\/botonAndroid02-300x100.png 300w, https:\/\/hornerolab.fcien.edu.uy\/wp-content\/uploads\/2024\/06\/botonAndroid02.png 400w\" sizes=\"auto, (max-width: 300px) 100vw, 300px\" \/><\/div><\/a>\n\t\t<\/div>\n\t<\/div>\n\t<div class=\"vc_empty_space\"  style=\"height: 32px\" ><span\n\t\t\tclass=\"vc_empty_space_inner\">\n\t\t\t<span class=\"empty_space_image\"  ><\/span>\n\t\t<\/span><\/div>\n\n<\/div><\/div><\/div><div class=\"wpb_column vc_column_container vc_col-sm-6\"><div class=\"vc_column-inner\"><div class=\"wpb_wrapper\">\n\t<div class=\"wpb_single_image wpb_content_element vc_align_center\">\n\t\t<div class=\"wpb_wrapper\">\n\t\t\t\n\t\t\t<a href=\"https:\/\/apps.apple.com\/uy\/app\/hornero\/id6762100132\" target=\"_blank\"><div class=\"vc_single_image-wrapper   vc_box_border_grey\"><img loading=\"lazy\" decoding=\"async\" width=\"300\" height=\"100\" src=\"https:\/\/hornerolab.fcien.edu.uy\/wp-content\/uploads\/2024\/06\/botonIOS02-300x100.png\" class=\"vc_single_image-img attachment-medium\" alt=\"\" title=\"botonIOS02\" srcset=\"https:\/\/hornerolab.fcien.edu.uy\/wp-content\/uploads\/2024\/06\/botonIOS02-300x100.png 300w, https:\/\/hornerolab.fcien.edu.uy\/wp-content\/uploads\/2024\/06\/botonIOS02.png 400w\" sizes=\"auto, (max-width: 300px) 100vw, 300px\" \/><\/div><\/a>\n\t\t<\/div>\n\t<\/div>\n\t<div class=\"vc_empty_space\"  style=\"height: 32px\" ><span\n\t\t\tclass=\"vc_empty_space_inner\">\n\t\t\t<span class=\"empty_space_image\"  ><\/span>\n\t\t<\/span><\/div>\n\n<\/div><\/div><\/div><\/div><\/div><\/div><\/div><\/div><div class=\"wpb_column vc_column_container vc_col-sm-2\"><div class=\"vc_column-inner\"><div class=\"wpb_wrapper\"><\/div><\/div><\/div><\/div><\/div><\/div><div      class=\"vc_row wpb_row section vc_row-fluid  vc_custom_1719088856641 grid_section\" style=' text-align:left;'><div class=\"section_inner clearfix\"><div class='section_inner_margin clearfix'><div class=\"wpb_column vc_column_container vc_col-sm-12\"><div class=\"vc_column-inner\"><div class=\"wpb_wrapper\"><div class=\"qode-accordion-holder clearfix qode-toggle qode-initial\">\n\t<h5 class=\"clearfix qode-title-holder\">\n<span class=\"qode-tab-title\">\n\t    <span class=\"qode-tab-title-inner\">\n        EJEMPLO DE C\u00d3MO UTILIZAR LA APP    <\/span>\n<\/span>\n<span class=\"qode-accordion-mark\">\n    <span class=\"qode-accordion-mark-icon\">\n        <span class=\"icon_plus\"><\/span>\n        <span class=\"icon_minus-06\"><\/span>\n    <\/span>\n<\/span>\n<\/h5>\n<div  class=\"qode-accordion-content\" >\n    <div class=\"qode-accordion-content-inner\">\n        \n\t<div class=\"wpb_text_column wpb_content_element\">\n\t\t<div class=\"wpb_wrapper\">\n\t\t\t<p>Vas caminando por la calle y ves un hornero llevando barro. Intent\u00e1 ver a donde lo lleva y ac\u00e9rcate. Despu\u00e9s de encontrar el lugar, abr\u00ed la App y presion\u00e1 \u2018Cargar nido nuevo\u2019. <\/p>\n\n\t\t<\/div> \n\t<\/div> \t<div class=\"vc_empty_space\"  style=\"height: 32px\" ><span\n\t\t\tclass=\"vc_empty_space_inner\">\n\t\t\t<span class=\"empty_space_image\"  ><\/span>\n\t\t<\/span><\/div>\n\n\n\t<div class=\"wpb_single_image wpb_content_element vc_align_center\">\n\t\t<div class=\"wpb_wrapper\">\n\t\t\t\n\t\t\t<div class=\"vc_single_image-wrapper   vc_box_border_grey\"><img loading=\"lazy\" decoding=\"async\" width=\"327\" height=\"429\" src=\"https:\/\/hornerolab.fcien.edu.uy\/wp-content\/uploads\/2024\/07\/Grupo-152.png\" class=\"vc_single_image-img attachment-full\" alt=\"\" title=\"Grupo 152\" srcset=\"https:\/\/hornerolab.fcien.edu.uy\/wp-content\/uploads\/2024\/07\/Grupo-152.png 327w, https:\/\/hornerolab.fcien.edu.uy\/wp-content\/uploads\/2024\/07\/Grupo-152-229x300.png 229w\" sizes=\"auto, (max-width: 327px) 100vw, 327px\" \/><\/div>\n\t\t<\/div>\n\t<\/div>\n\n\t<div class=\"wpb_text_column wpb_content_element\">\n\t\t<div class=\"wpb_wrapper\">\n\t\t\t<p>Despu\u00e9s de hacer esto la aplicaci\u00f3n te guiar\u00e1 sobre una serie de preguntas de opci\u00f3n m\u00faltiple muy simples y r\u00e1pidas de contestar. Ve\u00e1moslas en detalle:<\/p>\n\n\t\t<\/div> \n\t<\/div> \t<div class=\"vc_empty_space\"  style=\"height: 15px\" ><span\n\t\t\tclass=\"vc_empty_space_inner\">\n\t\t\t<span class=\"empty_space_image\"  ><\/span>\n\t\t<\/span><\/div>\n\n\n\t<div class=\"wpb_text_column wpb_content_element\">\n\t\t<div class=\"wpb_wrapper\">\n\t\t\t<p><strong>Pregunta 1: \u00bfEn qu\u00e9 estado de construcci\u00f3n est\u00e1 el nido? <\/strong><br \/>\nAqu\u00ed tendr\u00e1s 4 opciones con dibujos de referencia para elegir (ver captura de pantalla). Eleg\u00ed la opci\u00f3n que est\u00e9 m\u00e1s cerca para el nido en construcci\u00f3n que est\u00e1s observando.<\/p>\n\n\t\t<\/div> \n\t<\/div> \t<div class=\"vc_empty_space\"  style=\"height: 15px\" ><span\n\t\t\tclass=\"vc_empty_space_inner\">\n\t\t\t<span class=\"empty_space_image\"  ><\/span>\n\t\t<\/span><\/div>\n\n\n\t<div class=\"wpb_text_column wpb_content_element\">\n\t\t<div class=\"wpb_wrapper\">\n\t\t\t<p><strong>Pregunta 2: \u00bfQu\u00e9 actividad de construcci\u00f3n ves?<\/strong><br \/>\nTendr\u00e1s 4 opciones sobre claves que puedan ser indicadoras de construcci\u00f3n activa. Eleg\u00ed la que mejor represente tu observaci\u00f3n. Si hay barro fresco y tambi\u00e9n ves horneros llevando barro eleg\u00ed solamente la \u00faltima.<\/p>\n\n\t\t<\/div> \n\t<\/div> \t<div class=\"vc_empty_space\"  style=\"height: 15px\" ><span\n\t\t\tclass=\"vc_empty_space_inner\">\n\t\t\t<span class=\"empty_space_image\"  ><\/span>\n\t\t<\/span><\/div>\n\n\n\t<div class=\"wpb_text_column wpb_content_element\">\n\t\t<div class=\"wpb_wrapper\">\n\t\t\t<p><strong>Pregunta 3: \u00bfSabes si llovi\u00f3 recientemente? <\/strong><br \/>\nAqu\u00ed tendr\u00e1s, de nuevo, 4 opciones sobre informaci\u00f3n de lluvias en el lugar o en cercan\u00edas. Eleg\u00ed una.<\/p>\n\n\t\t<\/div> \n\t<\/div> \t<div class=\"vc_empty_space\"  style=\"height: 15px\" ><span\n\t\t\tclass=\"vc_empty_space_inner\">\n\t\t\t<span class=\"empty_space_image\"  ><\/span>\n\t\t<\/span><\/div>\n\n\n\t<div class=\"wpb_text_column wpb_content_element\">\n\t\t<div class=\"wpb_wrapper\">\n\t\t\t<p><strong>Pregunta 4: \u00bfVes una fuente de agua a menos de 50m del nido?<\/strong><br \/>\nEsta pregunta es Si o No. Ejemplos de fuente de agua son sistemas de riego, charcos, r\u00edos, lagos, arroyos. Cualquier fuente de agua que tenga potencial de ser un generador de barro para la construcci\u00f3n.<\/p>\n\n\t\t<\/div> \n\t<\/div> \t<div class=\"vc_empty_space\"  style=\"height: 15px\" ><span\n\t\t\tclass=\"vc_empty_space_inner\">\n\t\t\t<span class=\"empty_space_image\"  ><\/span>\n\t\t<\/span><\/div>\n\n\n\t<div class=\"wpb_single_image wpb_content_element vc_align_center\">\n\t\t<div class=\"wpb_wrapper\">\n\t\t\t\n\t\t\t<div class=\"vc_single_image-wrapper   vc_box_border_grey\"><img loading=\"lazy\" decoding=\"async\" width=\"931\" height=\"544\" src=\"https:\/\/hornerolab.fcien.edu.uy\/wp-content\/uploads\/2024\/06\/img-app-01.png\" class=\"vc_single_image-img attachment-full\" alt=\"\" title=\"img-app-01\" srcset=\"https:\/\/hornerolab.fcien.edu.uy\/wp-content\/uploads\/2024\/06\/img-app-01.png 931w, https:\/\/hornerolab.fcien.edu.uy\/wp-content\/uploads\/2024\/06\/img-app-01-300x175.png 300w, https:\/\/hornerolab.fcien.edu.uy\/wp-content\/uploads\/2024\/06\/img-app-01-768x449.png 768w, https:\/\/hornerolab.fcien.edu.uy\/wp-content\/uploads\/2024\/06\/img-app-01-700x409.png 700w\" sizes=\"auto, (max-width: 931px) 100vw, 931px\" \/><\/div>\n\t\t<\/div>\n\t<\/div>\n\t<div class=\"vc_empty_space\"  style=\"height: 15px\" ><span\n\t\t\tclass=\"vc_empty_space_inner\">\n\t\t\t<span class=\"empty_space_image\"  ><\/span>\n\t\t<\/span><\/div>\n\n\n\t<div class=\"wpb_text_column wpb_content_element\">\n\t\t<div class=\"wpb_wrapper\">\n\t\t\t<p><strong>Pregunta 5: : \u201cLas fuentes de agua son:\u201d<\/strong><br \/>\n\u00a1Atenci\u00f3n! Esta pregunta aparece solo si respondiste que si la pregunta anterior.<br \/>\nPregunta con 3 opciones. Pueden ser Naturales (r\u00edos, lagunas, charcos de lluvia, etc.), Artificiales (charcos de riego, fuentes, etc.) o ambas.<\/p>\n\n\t\t<\/div> \n\t<\/div> \t<div class=\"vc_empty_space\"  style=\"height: 15px\" ><span\n\t\t\tclass=\"vc_empty_space_inner\">\n\t\t\t<span class=\"empty_space_image\"  ><\/span>\n\t\t<\/span><\/div>\n\n\n\t<div class=\"wpb_text_column wpb_content_element\">\n\t\t<div class=\"wpb_wrapper\">\n\t\t\t<p><strong>Pregunta 6: \u201cEl nido se encuentra en un contexto:\u201d.<\/strong><br \/>\nEleg\u00ed una opci\u00f3n.<\/p>\n\n\t\t<\/div> \n\t<\/div> \t<div class=\"vc_empty_space\"  style=\"height: 15px\" ><span\n\t\t\tclass=\"vc_empty_space_inner\">\n\t\t\t<span class=\"empty_space_image\"  ><\/span>\n\t\t<\/span><\/div>\n\n\n\t<div class=\"wpb_text_column wpb_content_element\">\n\t\t<div class=\"wpb_wrapper\">\n\t\t\t<p><strong>Pregunta 7: \u00bfA qu\u00e9 altura estimas que est\u00e1 el nido?<\/strong><br \/>\nArrastra el punto blanco para estimar la altura y presiona \u201cGuardar\u201d para pasar a la \u00faltima pregunta.<\/p>\n\n\t\t<\/div> \n\t<\/div> \t<div class=\"vc_empty_space\"  style=\"height: 15px\" ><span\n\t\t\tclass=\"vc_empty_space_inner\">\n\t\t\t<span class=\"empty_space_image\"  ><\/span>\n\t\t<\/span><\/div>\n\n\n\t<div class=\"wpb_text_column wpb_content_element\">\n\t\t<div class=\"wpb_wrapper\">\n\t\t\t<p><strong>Pregunta 8: Pantalla para subir una fotograf\u00eda del nido que est\u00e1s relevando.<\/strong><\/p>\n\n\t\t<\/div> \n\t<\/div> \t<div class=\"vc_empty_space\"  style=\"height: 15px\" ><span\n\t\t\tclass=\"vc_empty_space_inner\">\n\t\t\t<span class=\"empty_space_image\"  ><\/span>\n\t\t<\/span><\/div>\n\n\n\t<div class=\"wpb_single_image wpb_content_element vc_align_center\">\n\t\t<div class=\"wpb_wrapper\">\n\t\t\t\n\t\t\t<div class=\"vc_single_image-wrapper   vc_box_border_grey\"><img loading=\"lazy\" decoding=\"async\" width=\"931\" height=\"544\" src=\"https:\/\/hornerolab.fcien.edu.uy\/wp-content\/uploads\/2024\/06\/img-app-02.png\" class=\"vc_single_image-img attachment-full\" alt=\"\" title=\"img-app-02\" srcset=\"https:\/\/hornerolab.fcien.edu.uy\/wp-content\/uploads\/2024\/06\/img-app-02.png 931w, https:\/\/hornerolab.fcien.edu.uy\/wp-content\/uploads\/2024\/06\/img-app-02-300x175.png 300w, https:\/\/hornerolab.fcien.edu.uy\/wp-content\/uploads\/2024\/06\/img-app-02-768x449.png 768w, https:\/\/hornerolab.fcien.edu.uy\/wp-content\/uploads\/2024\/06\/img-app-02-700x409.png 700w\" sizes=\"auto, (max-width: 931px) 100vw, 931px\" \/><\/div>\n\t\t<\/div>\n\t<\/div>\n\t<div class=\"vc_empty_space\"  style=\"height: 15px\" ><span\n\t\t\tclass=\"vc_empty_space_inner\">\n\t\t\t<span class=\"empty_space_image\"  ><\/span>\n\t\t<\/span><\/div>\n\n\n\t<div class=\"wpb_text_column wpb_content_element\">\n\t\t<div class=\"wpb_wrapper\">\n\t\t\t<p>Despu\u00e9s de esto, podes continuar el seguimiento del nido en la secci\u00f3n \u201cNidos en construcci\u00f3n\u201d. En esta secci\u00f3n vas a encontrar todos los nidos sobre los que ya est\u00e1s recolectando datos y continuar con la recolecci\u00f3n de cada uno hasta que termine la construcci\u00f3n.<\/p>\n\n\t\t<\/div> \n\t<\/div> \t<div class=\"vc_empty_space\"  style=\"height: 15px\" ><span\n\t\t\tclass=\"vc_empty_space_inner\">\n\t\t\t<span class=\"empty_space_image\"  ><\/span>\n\t\t<\/span><\/div>\n\n<div class='q_elements_holder one_column responsive_mode_from_768'  style='background-color:#4a89c8'><div class='q_elements_item  data-animation='no' data-item-class='q_elements_holder_custom_675425'><div class='q_elements_item_inner'><div class='q_elements_item_content q_elements_holder_custom_675425' style='padding:2%'>\n\t<div class=\"wpb_text_column wpb_content_element\">\n\t\t<div class=\"wpb_wrapper\">\n\t\t\t<h5 class=\"whiteColor\">IMPORTANTE:<\/h5>\n<p class=\"whiteColor\">Pod\u00e9s seguir todos los nidos que quieras en paralelo, no hace falta terminar un nido para comenzar el seguimiento de otro. \u00a1Lo que s\u00ed, ser\u00eda ideal que pudieras hacer el seguimiento completo de cada nido que comiences!<\/p>\n\n\t\t<\/div> \n\t<\/div> \t<div class=\"vc_empty_space\"  style=\"height: 15px\" ><span\n\t\t\tclass=\"vc_empty_space_inner\">\n\t\t\t<span class=\"empty_space_image\"  ><\/span>\n\t\t<\/span><\/div>\n\n\n\t<div class=\"wpb_text_column wpb_content_element\">\n\t\t<div class=\"wpb_wrapper\">\n\t\t\t<p class=\"whiteColor\">Cuando un nido tenga informaci\u00f3n sobre la \u00faltima etapa de construcci\u00f3n, desaparecer\u00e1 de la pantalla de \u201cNidos en construcci\u00f3n\u201d y pasar\u00e1 a la pantalla \u201cMis nidos terminados\u201d, aqu\u00ed podr\u00e1s ver todos los datos completos que llevas colectados.<\/p>\n\n\t\t<\/div> \n\t<\/div> \t<div class=\"vc_empty_space\"  style=\"height: 15px\" ><span\n\t\t\tclass=\"vc_empty_space_inner\">\n\t\t\t<span class=\"empty_space_image\"  ><\/span>\n\t\t<\/span><\/div>\n\n\n\t<div class=\"wpb_single_image wpb_content_element vc_align_center\">\n\t\t<div class=\"wpb_wrapper\">\n\t\t\t\n\t\t\t<div class=\"vc_single_image-wrapper   vc_box_border_grey\"><img loading=\"lazy\" decoding=\"async\" width=\"481\" height=\"500\" src=\"https:\/\/hornerolab.fcien.edu.uy\/wp-content\/uploads\/2024\/06\/img-app-03.png\" class=\"vc_single_image-img attachment-full\" alt=\"\" title=\"img-app-03\" srcset=\"https:\/\/hornerolab.fcien.edu.uy\/wp-content\/uploads\/2024\/06\/img-app-03.png 481w, https:\/\/hornerolab.fcien.edu.uy\/wp-content\/uploads\/2024\/06\/img-app-03-289x300.png 289w\" sizes=\"auto, (max-width: 481px) 100vw, 481px\" \/><\/div>\n\t\t<\/div>\n\t<\/div>\n\t<div class=\"vc_empty_space\"  style=\"height: 32px\" ><span\n\t\t\tclass=\"vc_empty_space_inner\">\n\t\t\t<span class=\"empty_space_image\"  ><\/span>\n\t\t<\/span><\/div>\n\n<\/div><\/div><\/div><\/div>\t<div class=\"vc_empty_space\"  style=\"height: 32px\" ><span\n\t\t\tclass=\"vc_empty_space_inner\">\n\t\t\t<span class=\"empty_space_image\"  ><\/span>\n\t\t<\/span><\/div>\n\n    <\/div>\n<\/div><h5 class=\"clearfix qode-title-holder\">\n<span class=\"qode-tab-title\">\n\t    <span class=\"qode-tab-title-inner\">\n        PREGUNTAS FRECUENTES DE LA APP    <\/span>\n<\/span>\n<span class=\"qode-accordion-mark\">\n    <span class=\"qode-accordion-mark-icon\">\n        <span class=\"icon_plus\"><\/span>\n        <span class=\"icon_minus-06\"><\/span>\n    <\/span>\n<\/span>\n<\/h5>\n<div  class=\"qode-accordion-content\" >\n    <div class=\"qode-accordion-content-inner\">\n        \n\t<div class=\"wpb_text_column wpb_content_element\">\n\t\t<div class=\"wpb_wrapper\">\n\t\t\t<p><strong>&#8211; \u00bfC\u00f3mo bajo la App? <\/strong><br \/>\n\u00bfPuedo descargarme la aplicaci\u00f3n desde cualquier celular?<br \/>\nPod\u00e9s bajarte la aplicaci\u00f3n en forma gratuita desde Google Play. La aplicaci\u00f3n se llama HORNERO. Por el momento todos los celulares Android, pero no Apple, tienen acceso a la app.<\/p>\n\n\t\t<\/div> \n\t<\/div> \t<div class=\"vc_empty_space\"  style=\"height: 15px\" ><span\n\t\t\tclass=\"vc_empty_space_inner\">\n\t\t\t<span class=\"empty_space_image\"  ><\/span>\n\t\t<\/span><\/div>\n\n\n\t<div class=\"wpb_text_column wpb_content_element\">\n\t\t<div class=\"wpb_wrapper\">\n\t\t\t<p><strong>&#8211; \u00bfEn qu\u00e9 pa\u00edses puedo utilizar la aplicaci\u00f3n para registrar nidos de horneros? \u00bfPuedo registrar datos de distintas provincias o pa\u00edses si estoy de viaje?<\/strong><br \/>\nLa app puede ser utilizada en todos los pa\u00edses donde habita el hornero: Argentina, Uruguay, Bolivia, Paraguay y Brasil. Y la misma puede ser utilizada por un mismo usuario en distintas provincias\/departamentos o pa\u00edses.<\/p>\n\n\t\t<\/div> \n\t<\/div> \t<div class=\"vc_empty_space\"  style=\"height: 15px\" ><span\n\t\t\tclass=\"vc_empty_space_inner\">\n\t\t\t<span class=\"empty_space_image\"  ><\/span>\n\t\t<\/span><\/div>\n\n\n\t<div class=\"wpb_text_column wpb_content_element\">\n\t\t<div class=\"wpb_wrapper\">\n\t\t\t<p><strong>&#8211; \u00bfPuedo participar del proyecto aunque no tenga experiencia con aves? \u00bfPueden ni\u00f1os o adolescentes participar en el proyecto?<\/strong><br \/>\nS\u00ed. Este proyecto y la aplicaci\u00f3n est\u00e1n dise\u00f1ados para que cualquier persona, con o sin experiencia en aves e independientemente de su edad, pero con ganas de participar pueda hacerlo.<\/p>\n\n\t\t<\/div> \n\t<\/div> \t<div class=\"vc_empty_space\"  style=\"height: 15px\" ><span\n\t\t\tclass=\"vc_empty_space_inner\">\n\t\t\t<span class=\"empty_space_image\"  ><\/span>\n\t\t<\/span><\/div>\n\n\n\t<div class=\"wpb_text_column wpb_content_element\">\n\t\t<div class=\"wpb_wrapper\">\n\t\t\t<p><strong>&#8211; \u00bfHay alg\u00fan l\u00edmite de nidos que pueda relevar?<\/strong><br \/>\nNo. \u00a1Pod\u00e9s registrar todos los nidos que quieras!<\/p>\n\n\t\t<\/div> \n\t<\/div> \t<div class=\"vc_empty_space\"  style=\"height: 15px\" ><span\n\t\t\tclass=\"vc_empty_space_inner\">\n\t\t\t<span class=\"empty_space_image\"  ><\/span>\n\t\t<\/span><\/div>\n\n\n\t<div class=\"wpb_text_column wpb_content_element\">\n\t\t<div class=\"wpb_wrapper\">\n\t\t\t<p><strong>&#8211; \u00bfCu\u00e1nto tiempo toma relevar un nido?<\/strong><br \/>\nAl principio es probable que te tome como m\u00e1ximo 5 minutos. Pero una vez que ya est\u00e9s familiarizado con la App, \u00a1ser\u00e1 mucho m\u00e1s r\u00e1pido!<\/p>\n\n\t\t<\/div> \n\t<\/div> \t<div class=\"vc_empty_space\"  style=\"height: 15px\" ><span\n\t\t\tclass=\"vc_empty_space_inner\">\n\t\t\t<span class=\"empty_space_image\"  ><\/span>\n\t\t<\/span><\/div>\n\n\n\t<div class=\"wpb_text_column wpb_content_element\">\n\t\t<div class=\"wpb_wrapper\">\n\t\t\t<p><strong>&#8211; \u00bfEs posible registrar nidos terminados?<\/strong><br \/>\nS\u00ed, es posible, pero no es el principal objetivo de este proyecto.<\/p>\n\n\t\t<\/div> \n\t<\/div> \t<div class=\"vc_empty_space\"  style=\"height: 15px\" ><span\n\t\t\tclass=\"vc_empty_space_inner\">\n\t\t\t<span class=\"empty_space_image\"  ><\/span>\n\t\t<\/span><\/div>\n\n    <\/div>\n<\/div><h5 class=\"clearfix qode-title-holder\">\n<span class=\"qode-tab-title\">\n\t    <span class=\"qode-tab-title-inner\">\n        PREGUNTAS PARTICULARES DE LA APP    <\/span>\n<\/span>\n<span class=\"qode-accordion-mark\">\n    <span class=\"qode-accordion-mark-icon\">\n        <span class=\"icon_plus\"><\/span>\n        <span class=\"icon_minus-06\"><\/span>\n    <\/span>\n<\/span>\n<\/h5>\n<div  class=\"qode-accordion-content\" >\n    <div class=\"qode-accordion-content-inner\">\n        \n\t<div class=\"wpb_text_column wpb_content_element\">\n\t\t<div class=\"wpb_wrapper\">\n\t\t\t<p><strong>&#8211; \u00bfPuedo registrar nidos si no tengo se\u00f1al en el celular ni internet?<\/strong><br \/>\nS\u00ed, los nidos quedar\u00e1n registrados en la aplicaci\u00f3n a\u00fan si no ten\u00e9s conexi\u00f3n. Podr\u00e1s encontrarlos en tu lista de \u201cMIS NIDOS\u201d. Una vez que recuperes se\u00f1al en el celular o que encuentres internet, \u00a1record\u00e1 enviarlos!<\/p>\n\n\t\t<\/div> \n\t<\/div> \t<div class=\"vc_empty_space\"  style=\"height: 15px\" ><span\n\t\t\tclass=\"vc_empty_space_inner\">\n\t\t\t<span class=\"empty_space_image\"  ><\/span>\n\t\t<\/span><\/div>\n\n\n\t<div class=\"wpb_text_column wpb_content_element\">\n\t\t<div class=\"wpb_wrapper\">\n\t\t\t<p><strong>&#8211; La app no me funciona bien. \u00bfC\u00f3mo puedo resolverlo?<\/strong><br \/>\nSi est\u00e1s teniendo problemas con la App, contactanos a nidohorneros@gmail.com. \u00a1Intentaremos ayudarte cuanto antes as\u00ed pod\u00e9s seguir registrando nidos!<\/p>\n\n\t\t<\/div> \n\t<\/div> \t<div class=\"vc_empty_space\"  style=\"height: 15px\" ><span\n\t\t\tclass=\"vc_empty_space_inner\">\n\t\t\t<span class=\"empty_space_image\"  ><\/span>\n\t\t<\/span><\/div>\n\n    <\/div>\n<\/div><\/div><\/div><\/div><\/div><\/div><\/div><\/div><div      class=\"vc_row wpb_row section vc_row-fluid  vc_custom_1719091289149 grid_section\" style=' text-align:left;'><div class=\"section_inner clearfix\"><div class='section_inner_margin clearfix'><div class=\"wpb_column vc_column_container vc_col-sm-12\"><div class=\"vc_column-inner\"><div class=\"wpb_wrapper\">\n\t<div class=\"wpb_text_column wpb_content_element\">\n\t\t<div class=\"wpb_wrapper\">\n\t\t\t<h5>POL\u00cdTICAS DE PRIVACIDAD<\/h5>\n\n\t\t<\/div> \n\t<\/div> \t<div class=\"vc_empty_space\"  style=\"height: 20px\" ><span\n\t\t\tclass=\"vc_empty_space_inner\">\n\t\t\t<span class=\"empty_space_image\"  ><\/span>\n\t\t<\/span><\/div>\n\n<a  itemprop=\"url\" href=\"https:\/\/hornerolab.fcien.edu.uy\/en\/privacy-policy\/\" target=\"_self\"  class=\"qbutton  default\" style=\"\">Read more<\/a>\t<div class=\"vc_empty_space\"  style=\"height: 20px\" ><span\n\t\t\tclass=\"vc_empty_space_inner\">\n\t\t\t<span class=\"empty_space_image\"  ><\/span>\n\t\t<\/span><\/div>\n\n<\/div><\/div><\/div><\/div><\/div><\/div>\n<\/section>","protected":false},"excerpt":{"rendered":"Hornero App Instrucciones detalladas del uso de la app El objetivo de la aplicaci\u00f3n es poder realizar un seguimiento del proceso de construcci\u00f3n de los nidos de los horneros. Para esto la dise\u00f1amos de tal forma que puedas realizar un seguimiento del proceso de construcci\u00f3n...","protected":false},"author":1,"featured_media":0,"parent":0,"menu_order":0,"comment_status":"closed","ping_status":"closed","template":"full_width.php","meta":{"footnotes":""},"class_list":["post-274","page","type-page","status-publish","hentry"],"aioseo_notices":[],"jetpack_sharing_enabled":true,"_links":{"self":[{"href":"https:\/\/hornerolab.fcien.edu.uy\/en\/wp-json\/wp\/v2\/pages\/274","targetHints":{"allow":["GET"]}}],"collection":[{"href":"https:\/\/hornerolab.fcien.edu.uy\/en\/wp-json\/wp\/v2\/pages"}],"about":[{"href":"https:\/\/hornerolab.fcien.edu.uy\/en\/wp-json\/wp\/v2\/types\/page"}],"author":[{"embeddable":true,"href":"https:\/\/hornerolab.fcien.edu.uy\/en\/wp-json\/wp\/v2\/users\/1"}],"replies":[{"embeddable":true,"href":"https:\/\/hornerolab.fcien.edu.uy\/en\/wp-json\/wp\/v2\/comments?post=274"}],"version-history":[{"count":14,"href":"https:\/\/hornerolab.fcien.edu.uy\/en\/wp-json\/wp\/v2\/pages\/274\/revisions"}],"predecessor-version":[{"id":667,"href":"https:\/\/hornerolab.fcien.edu.uy\/en\/wp-json\/wp\/v2\/pages\/274\/revisions\/667"}],"wp:attachment":[{"href":"https:\/\/hornerolab.fcien.edu.uy\/en\/wp-json\/wp\/v2\/media?parent=274"}],"curies":[{"name":"wp","href":"https:\/\/api.w.org\/{rel}","templated":true}]}}