{"id":265,"date":"2024-06-19T19:20:49","date_gmt":"2024-06-19T22:20:49","guid":{"rendered":"https:\/\/hornerolab.fcien.edu.uy\/?page_id=265"},"modified":"2024-08-06T15:46:38","modified_gmt":"2024-08-06T18:46:38","slug":"investigacion","status":"publish","type":"page","link":"https:\/\/hornerolab.fcien.edu.uy\/en\/investigacion\/","title":{"rendered":"Projects"},"content":{"rendered":"<section class=\"wpb-content-wrapper\"><div      class=\"vc_row wpb_row section vc_row-fluid  vc_custom_1719081117355 grid_section\" style=' text-align:left;'><div class=\"section_inner clearfix\"><div class='section_inner_margin clearfix'><div class=\"wpb_column vc_column_container vc_col-sm-4\"><div class=\"vc_column-inner\"><div class=\"wpb_wrapper\">\t<div class=\"vc_empty_space\"  style=\"height: 32px\" ><span\n\t\t\tclass=\"vc_empty_space_inner\">\n\t\t\t<span class=\"empty_space_image\"  ><\/span>\n\t\t<\/span><\/div>\n\n\n\t<div class=\"wpb_single_image wpb_content_element vc_align_center  element_from_left\">\n\t\t<div class=\"wpb_wrapper\">\n\t\t\t\n\t\t\t<div class=\"vc_single_image-wrapper   vc_box_border_grey\"><img loading=\"lazy\" decoding=\"async\" width=\"300\" height=\"300\" src=\"https:\/\/hornerolab.fcien.edu.uy\/wp-content\/uploads\/2024\/08\/ciencia-ciudadana-300x300.png\" class=\"vc_single_image-img attachment-medium\" alt=\"\" title=\"ciencia-ciudadana\" srcset=\"https:\/\/hornerolab.fcien.edu.uy\/wp-content\/uploads\/2024\/08\/ciencia-ciudadana-300x300.png 300w, https:\/\/hornerolab.fcien.edu.uy\/wp-content\/uploads\/2024\/08\/ciencia-ciudadana-150x150.png 150w, https:\/\/hornerolab.fcien.edu.uy\/wp-content\/uploads\/2024\/08\/ciencia-ciudadana-570x570.png 570w, https:\/\/hornerolab.fcien.edu.uy\/wp-content\/uploads\/2024\/08\/ciencia-ciudadana-500x500.png 500w, https:\/\/hornerolab.fcien.edu.uy\/wp-content\/uploads\/2024\/08\/ciencia-ciudadana.png 590w\" sizes=\"auto, (max-width: 300px) 100vw, 300px\" \/><\/div>\n\t\t<\/div>\n\t<\/div>\n\t<div class=\"vc_empty_space\"  style=\"height: 32px\" ><span\n\t\t\tclass=\"vc_empty_space_inner\">\n\t\t\t<span class=\"empty_space_image\"  ><\/span>\n\t\t<\/span><\/div>\n\n<\/div><\/div><\/div><div class=\"wpb_column vc_column_container vc_col-sm-8\"><div class=\"vc_column-inner\"><div class=\"wpb_wrapper\">\t<div class=\"vc_empty_space\"  style=\"height: 32px\" ><span\n\t\t\tclass=\"vc_empty_space_inner\">\n\t\t\t<span class=\"empty_space_image\"  ><\/span>\n\t\t<\/span><\/div>\n\n\n\t<div class=\"wpb_text_column wpb_content_element\">\n\t\t<div class=\"wpb_wrapper\">\n\t\t\t<h5>Citizen Science<\/h5>\n\n\t\t<\/div> \n\t<\/div> \t<div class=\"vc_empty_space\"  style=\"height: 20px\" ><span\n\t\t\tclass=\"vc_empty_space_inner\">\n\t\t\t<span class=\"empty_space_image\"  ><\/span>\n\t\t<\/span><\/div>\n\n\n\t<div class=\"wpb_text_column wpb_content_element\">\n\t\t<div class=\"wpb_wrapper\">\n\t\t\t<p><strong>People participating in this project: Nicol\u00e1s Adreani, Luc\u00eda Mentesana, Paulo Llamb\u00edas, Luc\u00eda de Abrantes.<\/strong><\/p>\n\n\t\t<\/div> \n\t<\/div> \t<div class=\"vc_empty_space\"  style=\"height: 20px\" ><span\n\t\t\tclass=\"vc_empty_space_inner\">\n\t\t\t<span class=\"empty_space_image\"  ><\/span>\n\t\t<\/span><\/div>\n\n\n\t<div class=\"wpb_text_column wpb_content_element\">\n\t\t<div class=\"wpb_wrapper\">\n\t\t\t<p>This citizen science project aims, on one hand, to understand the large-scale environmental factors that determine the start of the ovenbird nest construction and its duration. On the other hand, this project seeks to quantify how citizen science impacts the citizen scientists who participate. This project also represents a commitment to the dissemination of scientific knowledge with the idea of bringing science closer to society. To achieve this, we have developed a mobile application so that anyone can collect data on ovenbird nest construction wherever they are found! Don't miss out, download it and participate!<\/p>\n\n\t\t<\/div> \n\t<\/div> \t<div class=\"vc_empty_space\"  style=\"height: 20px\" ><span\n\t\t\tclass=\"vc_empty_space_inner\">\n\t\t\t<span class=\"empty_space_image\"  ><\/span>\n\t\t<\/span><\/div>\n\n<a  itemprop=\"url\" href=\"https:\/\/hornerolab.fcien.edu.uy\/en\/ciencia-ciudadana\/\" target=\"_self\"  class=\"qbutton  default\" style=\"\">Read more<\/a>\t<div class=\"vc_empty_space\"  style=\"height: 32px\" ><span\n\t\t\tclass=\"vc_empty_space_inner\">\n\t\t\t<span class=\"empty_space_image\"  ><\/span>\n\t\t<\/span><\/div>\n\n<\/div><\/div><\/div><\/div><\/div><\/div><div      class=\"vc_row wpb_row section vc_row-fluid  grid_section\" style=' text-align:left;'><div class=\"section_inner clearfix\"><div class='section_inner_margin clearfix'><div class=\"wpb_column vc_column_container vc_col-sm-12\"><div class=\"vc_column-inner\"><div class=\"wpb_wrapper\"><div class=\"separator  normal\" style=\"background-color: #707070;opacity: 0.3;\"><\/div>\n<\/div><\/div><\/div><\/div><\/div><\/div><div id=\"nido\"     class=\"vc_row wpb_row section vc_row-fluid  vc_custom_1719350474483 grid_section\" style=' text-align:left;'><div class=\"section_inner clearfix\"><div class='section_inner_margin clearfix'><div class=\"wpb_column vc_column_container vc_col-sm-8\"><div class=\"vc_column-inner\"><div class=\"wpb_wrapper\">\t<div class=\"vc_empty_space\"  style=\"height: 32px\" ><span\n\t\t\tclass=\"vc_empty_space_inner\">\n\t\t\t<span class=\"empty_space_image\"  ><\/span>\n\t\t<\/span><\/div>\n\n\n\t<div class=\"wpb_text_column wpb_content_element\">\n\t\t<div class=\"wpb_wrapper\">\n\t\t\t<h5>Nest Building<\/h5>\n\n\t\t<\/div> \n\t<\/div> \t<div class=\"vc_empty_space\"  style=\"height: 20px\" ><span\n\t\t\tclass=\"vc_empty_space_inner\">\n\t\t\t<span class=\"empty_space_image\"  ><\/span>\n\t\t<\/span><\/div>\n\n\n\t<div class=\"wpb_text_column wpb_content_element\">\n\t\t<div class=\"wpb_wrapper\">\n\t\t\t<p><strong>People participating in this project: Nicol\u00e1s Adreani, Iain Couzin, Luc\u00eda Mentesana &amp; Bettina Tassino.<\/strong><\/p>\n\n\t\t<\/div> \n\t<\/div> \t<div class=\"vc_empty_space\"  style=\"height: 20px\" ><span\n\t\t\tclass=\"vc_empty_space_inner\">\n\t\t\t<span class=\"empty_space_image\"  ><\/span>\n\t\t<\/span><\/div>\n\n\n\t<div class=\"wpb_text_column wpb_content_element\">\n\t\t<div class=\"wpb_wrapper\">\n\t\t\t<p>This project, supported by the Max Planck Institute of Animal Behavior, aims to understand the nest-building behavior in ovenbirds and the role of cooperation in this task. We employ approaches of 3D posture estimation and reconstruction and high-definition photogrammetry in combination with artificial intelligence to obtain high-resolution quantitative information about nest construction. This allows us to address scientific questions both from classical ethology with a high degree of precision, as well as from mathematical modeling, bringing us closer to understanding, for example, the underlying mechanisms of cooperation during the building behavior.<\/p>\n\n\t\t<\/div> \n\t<\/div> \t<div class=\"vc_empty_space\"  style=\"height: 32px\" ><span\n\t\t\tclass=\"vc_empty_space_inner\">\n\t\t\t<span class=\"empty_space_image\"  ><\/span>\n\t\t<\/span><\/div>\n\n<\/div><\/div><\/div><div class=\"wpb_column vc_column_container vc_col-sm-4\"><div class=\"vc_column-inner\"><div class=\"wpb_wrapper\">\t<div class=\"vc_empty_space\"  style=\"height: 32px\" ><span\n\t\t\tclass=\"vc_empty_space_inner\">\n\t\t\t<span class=\"empty_space_image\"  ><\/span>\n\t\t<\/span><\/div>\n\n\n\t<div class=\"wpb_single_image wpb_content_element vc_align_center  element_from_right\">\n\t\t<div class=\"wpb_wrapper\">\n\t\t\t\n\t\t\t<div class=\"vc_single_image-wrapper   vc_box_border_grey\"><img loading=\"lazy\" decoding=\"async\" width=\"300\" height=\"300\" src=\"https:\/\/hornerolab.fcien.edu.uy\/wp-content\/uploads\/2024\/08\/const-nido-300x300.png\" class=\"vc_single_image-img attachment-medium\" alt=\"\" title=\"const-nido\" srcset=\"https:\/\/hornerolab.fcien.edu.uy\/wp-content\/uploads\/2024\/08\/const-nido-300x300.png 300w, https:\/\/hornerolab.fcien.edu.uy\/wp-content\/uploads\/2024\/08\/const-nido-150x150.png 150w, https:\/\/hornerolab.fcien.edu.uy\/wp-content\/uploads\/2024\/08\/const-nido-570x570.png 570w, https:\/\/hornerolab.fcien.edu.uy\/wp-content\/uploads\/2024\/08\/const-nido-500x500.png 500w, https:\/\/hornerolab.fcien.edu.uy\/wp-content\/uploads\/2024\/08\/const-nido.png 578w\" sizes=\"auto, (max-width: 300px) 100vw, 300px\" \/><\/div>\n\t\t<\/div>\n\t<\/div>\n\t<div class=\"vc_empty_space\"  style=\"height: 32px\" ><span\n\t\t\tclass=\"vc_empty_space_inner\">\n\t\t\t<span class=\"empty_space_image\"  ><\/span>\n\t\t<\/span><\/div>\n\n<\/div><\/div><\/div><\/div><\/div><\/div><div      class=\"vc_row wpb_row section vc_row-fluid  grid_section\" style=' text-align:left;'><div class=\"section_inner clearfix\"><div class='section_inner_margin clearfix'><div class=\"wpb_column vc_column_container vc_col-sm-12\"><div class=\"vc_column-inner\"><div class=\"wpb_wrapper\"><div class=\"separator  normal\" style=\"background-color: #707070;opacity: 0.3;\"><\/div>\n<\/div><\/div><\/div><\/div><\/div><\/div><div id=\"territorio\"     class=\"vc_row wpb_row section vc_row-fluid  vc_custom_1719350486461 grid_section\" style=' text-align:left;'><div class=\"section_inner clearfix\"><div class='section_inner_margin clearfix'><div class=\"wpb_column vc_column_container vc_col-sm-4\"><div class=\"vc_column-inner\"><div class=\"wpb_wrapper\">\t<div class=\"vc_empty_space\"  style=\"height: 32px\" ><span\n\t\t\tclass=\"vc_empty_space_inner\">\n\t\t\t<span class=\"empty_space_image\"  ><\/span>\n\t\t<\/span><\/div>\n\n\n\t<div class=\"wpb_single_image wpb_content_element vc_align_center  element_from_left\">\n\t\t<div class=\"wpb_wrapper\">\n\t\t\t\n\t\t\t<div class=\"vc_single_image-wrapper   vc_box_border_grey\"><img loading=\"lazy\" decoding=\"async\" width=\"300\" height=\"300\" src=\"https:\/\/hornerolab.fcien.edu.uy\/wp-content\/uploads\/2024\/08\/territorialidad-300x300.png\" class=\"vc_single_image-img attachment-medium\" alt=\"\" title=\"territorialidad\" srcset=\"https:\/\/hornerolab.fcien.edu.uy\/wp-content\/uploads\/2024\/08\/territorialidad-300x300.png 300w, https:\/\/hornerolab.fcien.edu.uy\/wp-content\/uploads\/2024\/08\/territorialidad-150x150.png 150w, https:\/\/hornerolab.fcien.edu.uy\/wp-content\/uploads\/2024\/08\/territorialidad-570x570.png 570w, https:\/\/hornerolab.fcien.edu.uy\/wp-content\/uploads\/2024\/08\/territorialidad-500x500.png 500w, https:\/\/hornerolab.fcien.edu.uy\/wp-content\/uploads\/2024\/08\/territorialidad.png 590w\" sizes=\"auto, (max-width: 300px) 100vw, 300px\" \/><\/div>\n\t\t<\/div>\n\t<\/div>\n\t<div class=\"vc_empty_space\"  style=\"height: 32px\" ><span\n\t\t\tclass=\"vc_empty_space_inner\">\n\t\t\t<span class=\"empty_space_image\"  ><\/span>\n\t\t<\/span><\/div>\n\n<\/div><\/div><\/div><div class=\"wpb_column vc_column_container vc_col-sm-8\"><div class=\"vc_column-inner\"><div class=\"wpb_wrapper\">\t<div class=\"vc_empty_space\"  style=\"height: 32px\" ><span\n\t\t\tclass=\"vc_empty_space_inner\">\n\t\t\t<span class=\"empty_space_image\"  ><\/span>\n\t\t<\/span><\/div>\n\n\n\t<div class=\"wpb_text_column wpb_content_element\">\n\t\t<div class=\"wpb_wrapper\">\n\t\t\t<h5>Territoriality<\/h5>\n\n\t\t<\/div> \n\t<\/div> \t<div class=\"vc_empty_space\"  style=\"height: 20px\" ><span\n\t\t\tclass=\"vc_empty_space_inner\">\n\t\t\t<span class=\"empty_space_image\"  ><\/span>\n\t\t<\/span><\/div>\n\n\n\t<div class=\"wpb_text_column wpb_content_element\">\n\t\t<div class=\"wpb_wrapper\">\n\t\t\t<p><strong>People participating in this project: Luc\u00eda Mentesana, Nicol\u00e1s Adreani &amp; Bettina Tassino.<\/strong><\/p>\n\n\t\t<\/div> \n\t<\/div> \t<div class=\"vc_empty_space\"  style=\"height: 20px\" ><span\n\t\t\tclass=\"vc_empty_space_inner\">\n\t\t\t<span class=\"empty_space_image\"  ><\/span>\n\t\t<\/span><\/div>\n\n\n\t<div class=\"wpb_text_column wpb_content_element\">\n\t\t<div class=\"wpb_wrapper\">\n\t\t\t<p>En este proyecto nos proponemos estudiar c\u00f3mo se mueven los horneros a lo largo del a\u00f1o, qu\u00e9 factores explican esos comportamientos, y su relaci\u00f3n con el \u00e9xito reproductivo. Para eso, en una poblaci\u00f3n salvaje de horneros, equipamos individuos con GPSs que registran su posici\u00f3n geogr\u00e1fica. <\/p>\n\n\t\t<\/div> \n\t<\/div> \t<div class=\"vc_empty_space\"  style=\"height: 32px\" ><span\n\t\t\tclass=\"vc_empty_space_inner\">\n\t\t\t<span class=\"empty_space_image\"  ><\/span>\n\t\t<\/span><\/div>\n\n<\/div><\/div><\/div><\/div><\/div><\/div><div      class=\"vc_row wpb_row section vc_row-fluid  grid_section\" style=' text-align:left;'><div class=\"section_inner clearfix\"><div class='section_inner_margin clearfix'><div class=\"wpb_column vc_column_container vc_col-sm-12\"><div class=\"vc_column-inner\"><div class=\"wpb_wrapper\"><div class=\"separator  normal\" style=\"background-color: #707070;opacity: 0.3;\"><\/div>\n<\/div><\/div><\/div><\/div><\/div><\/div><div id=\"fisio\"     class=\"vc_row wpb_row section vc_row-fluid  vc_custom_1719350518497 grid_section\" style=' text-align:left;'><div class=\"section_inner clearfix\"><div class='section_inner_margin clearfix'><div class=\"wpb_column vc_column_container vc_col-sm-8\"><div class=\"vc_column-inner\"><div class=\"wpb_wrapper\">\t<div class=\"vc_empty_space\"  style=\"height: 32px\" ><span\n\t\t\tclass=\"vc_empty_space_inner\">\n\t\t\t<span class=\"empty_space_image\"  ><\/span>\n\t\t<\/span><\/div>\n\n\n\t<div class=\"wpb_text_column wpb_content_element\">\n\t\t<div class=\"wpb_wrapper\">\n\t\t\t<h5>Physiology<\/h5>\n\n\t\t<\/div> \n\t<\/div> \t<div class=\"vc_empty_space\"  style=\"height: 20px\" ><span\n\t\t\tclass=\"vc_empty_space_inner\">\n\t\t\t<span class=\"empty_space_image\"  ><\/span>\n\t\t<\/span><\/div>\n\n\n\t<div class=\"wpb_text_column wpb_content_element\">\n\t\t<div class=\"wpb_wrapper\">\n\t\t\t<p><strong>People participating in this project: Noelle Rivas Ortiz, Nicol\u00e1s Adreani, Luc\u00eda Mentesana &amp; Bettina Tassino.<\/strong><\/p>\n\n\t\t<\/div> \n\t<\/div> \t<div class=\"vc_empty_space\"  style=\"height: 20px\" ><span\n\t\t\tclass=\"vc_empty_space_inner\">\n\t\t\t<span class=\"empty_space_image\"  ><\/span>\n\t\t<\/span><\/div>\n\n\n\t<div class=\"wpb_text_column wpb_content_element\">\n\t\t<div class=\"wpb_wrapper\">\n\t\t\t<p>With this project, we aim to understand how horneros handle the trade-off between aggression and care, how these behaviors are modulated by testosterone, and how these tasks and testosterone impact their reproductive success. Additionally, since in horneros both females and males are aggressive and care for their chicks, we seek to understand whether the mechanisms behind these behaviors are the same (or not) for both sexes.<\/p>\n\n\t\t<\/div> \n\t<\/div> \t<div class=\"vc_empty_space\"  style=\"height: 32px\" ><span\n\t\t\tclass=\"vc_empty_space_inner\">\n\t\t\t<span class=\"empty_space_image\"  ><\/span>\n\t\t<\/span><\/div>\n\n<\/div><\/div><\/div><div class=\"wpb_column vc_column_container vc_col-sm-4\"><div class=\"vc_column-inner\"><div class=\"wpb_wrapper\">\t<div class=\"vc_empty_space\"  style=\"height: 32px\" ><span\n\t\t\tclass=\"vc_empty_space_inner\">\n\t\t\t<span class=\"empty_space_image\"  ><\/span>\n\t\t<\/span><\/div>\n\n\n\t<div class=\"wpb_single_image wpb_content_element vc_align_center  element_from_right\">\n\t\t<div class=\"wpb_wrapper\">\n\t\t\t\n\t\t\t<div class=\"vc_single_image-wrapper   vc_box_border_grey\"><img loading=\"lazy\" decoding=\"async\" width=\"300\" height=\"300\" src=\"https:\/\/hornerolab.fcien.edu.uy\/wp-content\/uploads\/2024\/08\/fisiologia-300x300.png\" class=\"vc_single_image-img attachment-medium\" alt=\"\" title=\"fisiologia\" srcset=\"https:\/\/hornerolab.fcien.edu.uy\/wp-content\/uploads\/2024\/08\/fisiologia-300x300.png 300w, https:\/\/hornerolab.fcien.edu.uy\/wp-content\/uploads\/2024\/08\/fisiologia-150x150.png 150w, https:\/\/hornerolab.fcien.edu.uy\/wp-content\/uploads\/2024\/08\/fisiologia-570x570.png 570w, https:\/\/hornerolab.fcien.edu.uy\/wp-content\/uploads\/2024\/08\/fisiologia-500x500.png 500w, https:\/\/hornerolab.fcien.edu.uy\/wp-content\/uploads\/2024\/08\/fisiologia.png 578w\" sizes=\"auto, (max-width: 300px) 100vw, 300px\" \/><\/div>\n\t\t<\/div>\n\t<\/div>\n\t<div class=\"vc_empty_space\"  style=\"height: 32px\" ><span\n\t\t\tclass=\"vc_empty_space_inner\">\n\t\t\t<span class=\"empty_space_image\"  ><\/span>\n\t\t<\/span><\/div>\n\n<\/div><\/div><\/div><\/div><\/div><\/div>\n<\/section>","protected":false},"excerpt":{"rendered":"Ciencia ciudadana Personas que participan en este proyecto: Nicol\u00e1s Adreani, Luc\u00eda Mentesana, Paulo Llamb\u00edas, Luc\u00eda de Abrantes. Este proyecto de ciencia ciudadana busca, por un lado, entender los factores ambientales a gran escala que determinan el inicio de la construcci\u00f3n del nido de horneros y...","protected":false},"author":1,"featured_media":0,"parent":0,"menu_order":0,"comment_status":"closed","ping_status":"closed","template":"full_width.php","meta":{"footnotes":""},"class_list":["post-265","page","type-page","status-publish","hentry"],"aioseo_notices":[],"jetpack_sharing_enabled":true,"_links":{"self":[{"href":"https:\/\/hornerolab.fcien.edu.uy\/en\/wp-json\/wp\/v2\/pages\/265","targetHints":{"allow":["GET"]}}],"collection":[{"href":"https:\/\/hornerolab.fcien.edu.uy\/en\/wp-json\/wp\/v2\/pages"}],"about":[{"href":"https:\/\/hornerolab.fcien.edu.uy\/en\/wp-json\/wp\/v2\/types\/page"}],"author":[{"embeddable":true,"href":"https:\/\/hornerolab.fcien.edu.uy\/en\/wp-json\/wp\/v2\/users\/1"}],"replies":[{"embeddable":true,"href":"https:\/\/hornerolab.fcien.edu.uy\/en\/wp-json\/wp\/v2\/comments?post=265"}],"version-history":[{"count":10,"href":"https:\/\/hornerolab.fcien.edu.uy\/en\/wp-json\/wp\/v2\/pages\/265\/revisions"}],"predecessor-version":[{"id":562,"href":"https:\/\/hornerolab.fcien.edu.uy\/en\/wp-json\/wp\/v2\/pages\/265\/revisions\/562"}],"wp:attachment":[{"href":"https:\/\/hornerolab.fcien.edu.uy\/en\/wp-json\/wp\/v2\/media?parent=265"}],"curies":[{"name":"wp","href":"https:\/\/api.w.org\/{rel}","templated":true}]}}